{"id":8526,"date":"2023-12-26T11:08:35","date_gmt":"2023-12-26T11:08:35","guid":{"rendered":"https:\/\/www.framici.de\/?page_id=8526"},"modified":"2025-03-01T16:07:20","modified_gmt":"2025-03-01T16:07:20","slug":"foto-2024","status":"publish","type":"page","link":"https:\/\/www.framici.de\/?page_id=8526","title":{"rendered":"Fotos 2024"},"content":{"rendered":"<hr>\n<h3>Mario Parisi: I gesti italiani, die italienischen Gesten im Historischen Stadttheater in Wei\u00dfenhorn<\/h3>\n<h3>22. M\u00e4rz 2024<\/h3>\nngg_shortcode_0_placeholder\n<hr>\n<h3>Deutschkurs April 2024<\/h3>\nngg_shortcode_1_placeholder\n<hr>\n<h3>Sch\u00fclerbesuch aus Valmadrera 4.-6.5.2024<\/h3>\nngg_shortcode_2_placeholder\n<hr>\n<h3>Cena in Bianco e Nero, 19. Juli 2024<\/h3>\nngg_shortcode_3_placeholder\n<hr>\n<h3>Stadtjubil\u00e4um 25 Jahre Stadt Valmadrera und Ausstellung Norbert Riggenmann, Oktober 2024<\/h3>\nngg_shortcode_4_placeholder\n<hr>\n<h3>Besuch aus Valmadrera und Serata Italiana, 8.-11.12.2024<\/h3>\nngg_shortcode_5_placeholder\n","protected":false},"excerpt":{"rendered":"<p>Mario Parisi: I gesti italiani, die italienischen Gesten im Historischen Stadttheater in Wei\u00dfenhorn 22. M\u00e4rz 2024 Deutschkurs April 2024 Sch\u00fclerbesuch aus Valmadrera 4.-6.5.2024 Cena in Bianco e Nero, 19. Juli 2024 &nbsp; Stadtjubil\u00e4um 25 Jahre Stadt Valmadrera und Ausstellung Norbert Riggenmann, Oktober 2024 &nbsp; Besuch aus Valmadrera und Serata Italiana, 8.-11.12.2024 &nbsp;<\/p>\n","protected":false},"author":1,"featured_media":0,"parent":335,"menu_order":0,"comment_status":"closed","ping_status":"closed","template":"","meta":{"ngg_post_thumbnail":0,"footnotes":""},"class_list":["post-8526","page","type-page","status-publish","hentry"],"_links":{"self":[{"href":"https:\/\/www.framici.de\/index.php?rest_route=\/wp\/v2\/pages\/8526","targetHints":{"allow":["GET"]}}],"collection":[{"href":"https:\/\/www.framici.de\/index.php?rest_route=\/wp\/v2\/pages"}],"about":[{"href":"https:\/\/www.framici.de\/index.php?rest_route=\/wp\/v2\/types\/page"}],"author":[{"embeddable":true,"href":"https:\/\/www.framici.de\/index.php?rest_route=\/wp\/v2\/users\/1"}],"replies":[{"embeddable":true,"href":"https:\/\/www.framici.de\/index.php?rest_route=%2Fwp%2Fv2%2Fcomments&post=8526"}],"version-history":[{"count":25,"href":"https:\/\/www.framici.de\/index.php?rest_route=\/wp\/v2\/pages\/8526\/revisions"}],"predecessor-version":[{"id":9133,"href":"https:\/\/www.framici.de\/index.php?rest_route=\/wp\/v2\/pages\/8526\/revisions\/9133"}],"up":[{"embeddable":true,"href":"https:\/\/www.framici.de\/index.php?rest_route=\/wp\/v2\/pages\/335"}],"wp:attachment":[{"href":"https:\/\/www.framici.de\/index.php?rest_route=%2Fwp%2Fv2%2Fmedia&parent=8526"}],"curies":[{"name":"wp","href":"https:\/\/api.w.org\/{rel}","templated":true}]}}