{"id":8455,"date":"2023-11-15T09:46:11","date_gmt":"2023-11-15T09:46:11","guid":{"rendered":"https:\/\/www.framici.de\/?page_id=8455"},"modified":"2026-04-07T16:16:40","modified_gmt":"2026-04-07T16:16:40","slug":"home-2","status":"publish","type":"page","link":"https:\/\/www.framici.de\/","title":{"rendered":"Home"},"content":{"rendered":"<p>&nbsp;<\/p>\n<p>&nbsp;<\/p>\n<hr>\n<h3>Herzlich willkommen auf unserer Webseite der &#8222;Freunde Valmadreras e.V.&#8220;<\/h3>\n<p>&nbsp;<\/p>\n<p style=\"text-align: center;\"><strong><span style=\"font-size: 14pt;\">Was wir 2026 vorhaben, finden Sie jetzt unter &#8222;Die St\u00e4dte &#8211; Aktivit\u00e4ten in Wei\u00dfenhorn&#8220;&nbsp;<\/span><\/strong><\/p>\n<p>&nbsp;<\/p>\n<header class=\"entry-header\">\n<h1 class=\"entry-title\" style=\"text-align: center;\"><strong><span style=\"font-size: 14pt;\">7- April 2026 &#8211; Heute in &#8222;LeccoToday&#8220; \u2013 der Tageszeitung von Valmadrera<\/span><\/strong><\/h1>\n<p class=\"entry-meta\" style=\"text-align: center;\">&nbsp;<\/p>\n<\/header>\n<div class=\"entry-content\">\n<p style=\"text-align: center;\">Bericht \u00fcber die Kommunalwahlen Anfang M\u00e4rz in den Partnerst\u00e4dten<\/p>\n<p style=\"text-align: center;\">Ch\u00e2teauneuf les Martigues und Wei\u00dfenhorn<\/p>\n<p><img loading=\"lazy\" decoding=\"async\" class=\"alignnone wp-image-9364 aligncenter\" src=\"https:\/\/www.framici.de\/wp-content\/uploads\/2026\/04\/Lecco-Today_07042026-500x154.jpg\" sizes=\"auto, (max-width: 880px) 100vw, 880px\" srcset=\"https:\/\/www.framici.de\/wp-content\/uploads\/2026\/04\/Lecco-Today_07042026-500x154.jpg 500w, https:\/\/www.framici.de\/wp-content\/uploads\/2026\/04\/Lecco-Today_07042026-1024x315.jpg 1024w, https:\/\/www.framici.de\/wp-content\/uploads\/2026\/04\/Lecco-Today_07042026-768x236.jpg 768w, https:\/\/www.framici.de\/wp-content\/uploads\/2026\/04\/Lecco-Today_07042026-1536x472.jpg 1536w, https:\/\/www.framici.de\/wp-content\/uploads\/2026\/04\/Lecco-Today_07042026.jpg 1640w\" alt=\"\" width=\"1137\" height=\"350\"><\/p>\n<p style=\"text-align: center;\"><a style=\"font-size: 1.5rem;\" tabindex=\"-1\" href=\"https:\/\/www.leccotoday.it\/attualita\/valmadrera-nuovi-sindaci-gemellaggi-.html\" target=\"_blank\" rel=\"noopener\">leccotoday.it\/\u2026\/valmadrera-nuovi-sindaci-gemellaggi-<\/a><\/p>\n<\/div>\n<p>&nbsp;<\/p>\n<p style=\"text-align: center;\"><strong><span style=\"font-size: 14pt;\">Wir haben neu gew\u00e4hlt!<\/span><\/strong><\/p>\n<p style=\"text-align: center;\">In seiner Mitgliederversammlung am 25. Februar 2026 hat der Verein Vorstand und Beirat neu gew\u00e4hlt<\/p>\n<p style=\"text-align: center;\"><img loading=\"lazy\" decoding=\"async\" class=\"alignnone wp-image-9355\" src=\"https:\/\/www.framici.de\/wp-content\/uploads\/2026\/02\/Neuer-Vorstand-500x467.jpeg\" alt=\"\" width=\"368\" height=\"344\" srcset=\"https:\/\/www.framici.de\/wp-content\/uploads\/2026\/02\/Neuer-Vorstand-500x467.jpeg 500w, https:\/\/www.framici.de\/wp-content\/uploads\/2026\/02\/Neuer-Vorstand-1024x957.jpeg 1024w, https:\/\/www.framici.de\/wp-content\/uploads\/2026\/02\/Neuer-Vorstand-768x717.jpeg 768w, https:\/\/www.framici.de\/wp-content\/uploads\/2026\/02\/Neuer-Vorstand.jpeg 1489w\" sizes=\"auto, (max-width: 368px) 100vw, 368px\" \/><\/p>\n<p>&nbsp;<\/p>\n<p style=\"text-align: center;\">Von links nach rechts: Tanja Reckert-Weltle (Beir\u00e4tin), Nicola Spie\u00df (Kassenwartin), Dr. Matthias Kunze (2. Vorstand),<\/p>\n<p style=\"text-align: center;\">Gabriele Kunze (Schriftf\u00fchrerin), Ursula Schramm (1. Vorstand), Ute Roth (Beir\u00e4tin)<\/p>\n<p>&nbsp;<\/p>\n<p>G<\/p>\n<p style=\"text-align: center;\"><strong><span style=\"font-size: 14pt;\">Neues aus unserer Partnerstadt<\/span><\/strong><\/p>\n<p style=\"text-align: center;\"><strong>Ein neuer Flyer f\u00fcr Valmadrera<\/strong><\/p>\n<p style=\"text-align: center;\"><strong><img loading=\"lazy\" decoding=\"async\" class=\"size-medium wp-image-9352 aligncenter\" src=\"https:\/\/www.framici.de\/wp-content\/uploads\/2026\/01\/Giornale_31012026-394x500.jpeg\" alt=\"\" width=\"394\" height=\"500\" srcset=\"https:\/\/www.framici.de\/wp-content\/uploads\/2026\/01\/Giornale_31012026-394x500.jpeg 394w, https:\/\/www.framici.de\/wp-content\/uploads\/2026\/01\/Giornale_31012026-807x1024.jpeg 807w, https:\/\/www.framici.de\/wp-content\/uploads\/2026\/01\/Giornale_31012026-768x974.jpeg 768w, https:\/\/www.framici.de\/wp-content\/uploads\/2026\/01\/Giornale_31012026-1211x1536.jpeg 1211w, https:\/\/www.framici.de\/wp-content\/uploads\/2026\/01\/Giornale_31012026.jpeg 1253w\" sizes=\"auto, (max-width: 394px) 100vw, 394px\" \/>&nbsp; &nbsp;B\u00fcrgermeister Colombo und Stadtr\u00e4tin Brioni stellen den neuen Flyer vor. <\/strong><\/p>\n<p>&nbsp;<\/p>\n<p style=\"text-align: center;\">Jetzt kann man die Stadt kurz und elegant kennenlernen.<\/p>\n<p style=\"text-align: center;\">Hier die Version in Italienisch und Englisch zum Download. Eine deutsche Version soll folgen. Viel Vergn\u00fcgen!<\/p>\n<p style=\"text-align: center;\"><a href=\"https:\/\/www.framici.de\/wp-content\/uploads\/2026\/01\/Valmadrera_Flyer_it.-engl.pdf\">Valmadrera_Flyer_it.-engl.<\/a><\/p>\n<h3>&nbsp;<\/h3>\n<h3 style=\"text-align: center;\"><strong><span style=\"font-size: 14pt;\">25. April 2026<\/span><\/strong><\/h3>\n<p style=\"text-align: center;\"><strong><span style=\"font-size: 14pt;\">Tag der Vereine in Wei\u00dfenhorn<\/span><\/strong><\/p>\n<p style=\"text-align: center;\"><span style=\"font-size: 14pt;\">Zusammen mit dem franz\u00f6sischen Partnerschaftsverein sind wir dabei!<\/span><\/p>\n<p style=\"text-align: center;\"><span style=\"font-size: 14pt;\">14. Uhr, Fuggerhalle Wei\u00dfenhorn<\/span><\/p>\n<p><img loading=\"lazy\" decoding=\"async\" class=\"wp-image-9347 aligncenter\" src=\"https:\/\/www.framici.de\/wp-content\/uploads\/2026\/01\/Plakat-1-343x500.jpeg\" alt=\"\" width=\"214\" height=\"312\" srcset=\"https:\/\/www.framici.de\/wp-content\/uploads\/2026\/01\/Plakat-1-343x500.jpeg 343w, https:\/\/www.framici.de\/wp-content\/uploads\/2026\/01\/Plakat-1.jpeg 667w\" sizes=\"auto, (max-width: 214px) 100vw, 214px\" \/><\/p>\n<p>&nbsp;<\/p>\n<h3>Impressionen rund um Valmadrera und dem Hausberg Monte Moregallo.<\/h3>\n<div>&nbsp;<\/div>\n<div><\/div>\n<p>&nbsp;<\/p>\n<hr>\n<p>&nbsp;<\/p>\n<hr>\n<p><img loading=\"lazy\" decoding=\"async\" class=\"wp-image-2767 aligncenter\" src=\"https:\/\/www.framici.de\/wp-content\/uploads\/2023\/02\/logoFRAMICI5x6Colore.jpg\" alt=\"\" width=\"290\" height=\"240\"><\/p>\n<h4 style=\"text-align: center;\"><strong>Framici:<\/strong> <strong>Fr<\/strong>-(f\u00fcr Freunde),<\/h4>\n<h4 style=\"text-align: center;\">&#8211;<strong>amici:&nbsp;<\/strong>(ital.: Freunde),<\/h4>\n<h4 style=\"text-align: center;\"><strong>Fra-amici&nbsp;<\/strong>(zwischen Freunden)<\/h4>\n<p>&nbsp;<\/p>\n<p><img loading=\"lazy\" decoding=\"async\" class=\"aligncenter wp-image-2402\" src=\"https:\/\/www.framici.de\/wp-content\/uploads\/2022\/11\/13177523_1753387908239498_5604000313785105003_n.jpg\" alt=\"\" width=\"240\" height=\"240\" srcset=\"https:\/\/www.framici.de\/wp-content\/uploads\/2022\/11\/13177523_1753387908239498_5604000313785105003_n.jpg 567w, https:\/\/www.framici.de\/wp-content\/uploads\/2022\/11\/13177523_1753387908239498_5604000313785105003_n-500x500.jpg 500w, https:\/\/www.framici.de\/wp-content\/uploads\/2022\/11\/13177523_1753387908239498_5604000313785105003_n-250x250.jpg 250w\" sizes=\"auto, (max-width: 240px) 100vw, 240px\" \/><\/p>\n<hr>\n<p>&nbsp;<\/p>\n<p>Sind Sie am Verein und dessen Aktivit\u00e4ten interessiert? Gerne sind Sie als Mitglied herzlich willkommen.<\/p>\n<p><a href=\"https:\/\/www.framici.de\/wp-content\/uploads\/2023\/08\/Freunde-Valmadreras_Aufnahmeantrag_Beitragsordnung.pdf\"><span style=\"text-decoration: underline;\"><strong>Hier<\/strong><\/span><\/a> gelangen Sie zum Mitgliedsantrag.<\/p>\n<p>&nbsp;<\/p>\n<p>&nbsp;<\/p>\n","protected":false},"excerpt":{"rendered":"<p>&nbsp; &nbsp; Herzlich willkommen auf unserer Webseite der &#8222;Freunde Valmadreras e.V.&#8220; &nbsp; Was wir 2026 vorhaben, finden Sie jetzt unter &#8222;Die St\u00e4dte &#8211; Aktivit\u00e4ten in Wei\u00dfenhorn&#8220;&nbsp; &nbsp; 7- April 2026 &#8211; Heute in &#8222;LeccoToday&#8220; \u2013 der Tageszeitung von Valmadrera &nbsp; Bericht \u00fcber die Kommunalwahlen Anfang M\u00e4rz in den Partnerst\u00e4dten Ch\u00e2teauneuf les Martigues und Wei\u00dfenhorn leccotoday.it\/\u2026\/valmadrera-nuovi-sindaci-gemellaggi- &nbsp; Wir haben neu gew\u00e4hlt! In seiner Mitgliederversammlung am 25. Februar 2026 hat der Verein <a class=\"more-link\" href=\"https:\/\/www.framici.de\/\">Weiterlesen\u00a0\u2026<\/a><\/p>\n","protected":false},"author":1,"featured_media":0,"parent":0,"menu_order":0,"comment_status":"closed","ping_status":"closed","template":"","meta":{"ngg_post_thumbnail":0,"footnotes":""},"class_list":["post-8455","page","type-page","status-publish","hentry"],"_links":{"self":[{"href":"https:\/\/www.framici.de\/index.php?rest_route=\/wp\/v2\/pages\/8455","targetHints":{"allow":["GET"]}}],"collection":[{"href":"https:\/\/www.framici.de\/index.php?rest_route=\/wp\/v2\/pages"}],"about":[{"href":"https:\/\/www.framici.de\/index.php?rest_route=\/wp\/v2\/types\/page"}],"author":[{"embeddable":true,"href":"https:\/\/www.framici.de\/index.php?rest_route=\/wp\/v2\/users\/1"}],"replies":[{"embeddable":true,"href":"https:\/\/www.framici.de\/index.php?rest_route=%2Fwp%2Fv2%2Fcomments&post=8455"}],"version-history":[{"count":83,"href":"https:\/\/www.framici.de\/index.php?rest_route=\/wp\/v2\/pages\/8455\/revisions"}],"predecessor-version":[{"id":9391,"href":"https:\/\/www.framici.de\/index.php?rest_route=\/wp\/v2\/pages\/8455\/revisions\/9391"}],"wp:attachment":[{"href":"https:\/\/www.framici.de\/index.php?rest_route=%2Fwp%2Fv2%2Fmedia&parent=8455"}],"curies":[{"name":"wp","href":"https:\/\/api.w.org\/{rel}","templated":true}]}}