{"id":78,"date":"2019-01-22T15:13:50","date_gmt":"2019-01-22T15:13:50","guid":{"rendered":"https:\/\/www.framici.de\/?page_id=78"},"modified":"2025-03-01T15:44:20","modified_gmt":"2025-03-01T15:44:20","slug":"aktivitaeten-valmadrera","status":"publish","type":"page","link":"https:\/\/www.framici.de\/?page_id=78","title":{"rendered":"Aktivit\u00e4ten Valmadrera"},"content":{"rendered":"<h4>Auf dieser Seite m\u00f6chten wir einen kleinen Einblick \u00fcber Ausflugsm\u00f6glichkeiten in und rund um Valmadrera zeigen.<\/h4>\n<h4>Aktivit\u00e4ten bietet die Region f\u00fcr wandern, bergwandern, klettern, Klettersteig gehen, Hoch- und Mehrtagestouren, segeln oder Motorboot fahren, surfen, kiten, baden und Ger\u00e4tetauchen.<\/h4>\n<hr>\n<h4><span style=\"font-family: verdana, geneva, sans-serif;\">Tauchen in Valmadrera<\/span><\/h4>\n<p>Tauchen am Comer See, hier in Valmadrera in &#8222;Moregge \/ Moregallo&#8220;, ist durchaus ein tolles Erlebnis.<\/p>\n<p>Egal ob Anf\u00e4nger oder fortgeschrittene Taucher im Tech-Tauch-Bereich kommen dort auf ihre Kosten.<\/p>\n<p>An der Bar &#8222;Rapa Nui&#8220; ist alles auf den Taucher vorbereitet. F\u00fcllstation mit Bauer-Kompressoren, einfacher Einstieg gut zu erreichen und ein sch\u00f6ner Unterwasserpark mit vielen Attraktionen bei Tiefen zwischen 5 und 60 Metern. Nach dem Tauchgang l\u00e4sst es sich bei kleinen Imbissen und Getr\u00e4nken gut aushalten.<\/p>\n<p>Am Ende der Stra\u00dfe befindet sich eine Steilwand die eher f\u00fcr den fortgeschrittenen Taucher geeignet ist.<\/p>\n<p>In Tiefen ab 35- 65 Metern befinden sich mehrere versenkter Autowracks die relativ einfach, abgesehen von der Tiefe, zu betauchen sind.<\/p>\n\n\t\t<style type=\"text\/css\">\n\t\t\t#gallery-1 {\n\t\t\t\tmargin: auto;\n\t\t\t}\n\t\t\t#gallery-1 .gallery-item {\n\t\t\t\tfloat: left;\n\t\t\t\tmargin-top: 10px;\n\t\t\t\ttext-align: center;\n\t\t\t\twidth: 33%;\n\t\t\t}\n\t\t\t#gallery-1 img {\n\t\t\t\tborder: 2px solid #cfcfcf;\n\t\t\t}\n\t\t\t#gallery-1 .gallery-caption {\n\t\t\t\tmargin-left: 0;\n\t\t\t}\n\t\t\t\/* see gallery_shortcode() in wp-includes\/media.php *\/\n\t\t<\/style>\n\t\t<div id='gallery-1' class='gallery galleryid-78 gallery-columns-3 gallery-size-thumbnail'><dl class='gallery-item'>\n\t\t\t<dt class='gallery-icon landscape'>\n\t\t\t\t<a href='https:\/\/www.framici.de\/?attachment_id=2456#main'><img loading=\"lazy\" decoding=\"async\" width=\"250\" height=\"250\" src=\"https:\/\/www.framici.de\/wp-content\/uploads\/2022\/11\/311805883_2558694724270990_6054288397219759731_n-250x250.jpg\" class=\"attachment-thumbnail size-thumbnail\" alt=\"\" \/><\/a>\n\t\t\t<\/dt><\/dl><dl class='gallery-item'>\n\t\t\t<dt class='gallery-icon landscape'>\n\t\t\t\t<a href='https:\/\/www.framici.de\/?attachment_id=2455#main'><img loading=\"lazy\" decoding=\"async\" width=\"250\" height=\"250\" src=\"https:\/\/www.framici.de\/wp-content\/uploads\/2022\/11\/314025971_2564038463736616_7079763661040248275_n-250x250.jpg\" class=\"attachment-thumbnail size-thumbnail\" alt=\"\" \/><\/a>\n\t\t\t<\/dt><\/dl><dl class='gallery-item'>\n\t\t\t<dt class='gallery-icon landscape'>\n\t\t\t\t<a href='https:\/\/www.framici.de\/?attachment_id=2454#main'><img loading=\"lazy\" decoding=\"async\" width=\"250\" height=\"250\" src=\"https:\/\/www.framici.de\/wp-content\/uploads\/2022\/11\/312974401_2564875553652907_1619889218404909174_n-250x250.jpg\" class=\"attachment-thumbnail size-thumbnail\" alt=\"\" \/><\/a>\n\t\t\t<\/dt><\/dl><br style=\"clear: both\" \/><dl class='gallery-item'>\n\t\t\t<dt class='gallery-icon landscape'>\n\t\t\t\t<a href='https:\/\/www.framici.de\/?attachment_id=2453#main'><img loading=\"lazy\" decoding=\"async\" width=\"250\" height=\"250\" src=\"https:\/\/www.framici.de\/wp-content\/uploads\/2022\/11\/312907209_2564875543652908_4294203368828886287_n-250x250.jpg\" class=\"attachment-thumbnail size-thumbnail\" alt=\"\" \/><\/a>\n\t\t\t<\/dt><\/dl><dl class='gallery-item'>\n\t\t\t<dt class='gallery-icon landscape'>\n\t\t\t\t<a href='https:\/\/www.framici.de\/?attachment_id=2452#main'><img loading=\"lazy\" decoding=\"async\" width=\"250\" height=\"250\" src=\"https:\/\/www.framici.de\/wp-content\/uploads\/2022\/11\/312745356_2564038280403301_3271436160785271689_n-250x250.jpg\" class=\"attachment-thumbnail size-thumbnail\" alt=\"\" \/><\/a>\n\t\t\t<\/dt><\/dl><dl class='gallery-item'>\n\t\t\t<dt class='gallery-icon landscape'>\n\t\t\t\t<a href='https:\/\/www.framici.de\/?attachment_id=2451#main'><img loading=\"lazy\" decoding=\"async\" width=\"250\" height=\"250\" src=\"https:\/\/www.framici.de\/wp-content\/uploads\/2022\/11\/312662791_2564038617069934_1231282472684913503_n-250x250.jpg\" class=\"attachment-thumbnail size-thumbnail\" alt=\"\" \/><\/a>\n\t\t\t<\/dt><\/dl><br style=\"clear: both\" \/><dl class='gallery-item'>\n\t\t\t<dt class='gallery-icon landscape'>\n\t\t\t\t<a href='https:\/\/www.framici.de\/?attachment_id=2450#main'><img loading=\"lazy\" decoding=\"async\" width=\"250\" height=\"250\" src=\"https:\/\/www.framici.de\/wp-content\/uploads\/2022\/11\/312605071_2564038230403306_4341256601787167060_n-250x250.jpg\" class=\"attachment-thumbnail size-thumbnail\" alt=\"\" \/><\/a>\n\t\t\t<\/dt><\/dl><dl class='gallery-item'>\n\t\t\t<dt class='gallery-icon landscape'>\n\t\t\t\t<a href='https:\/\/www.framici.de\/?attachment_id=2448#main'><img loading=\"lazy\" decoding=\"async\" width=\"250\" height=\"250\" src=\"https:\/\/www.framici.de\/wp-content\/uploads\/2022\/11\/311249777_2552044294936033_3092878862364426616_n-250x250.jpg\" class=\"attachment-thumbnail size-thumbnail\" alt=\"\" \/><\/a>\n\t\t\t<\/dt><\/dl><dl class='gallery-item'>\n\t\t\t<dt class='gallery-icon landscape'>\n\t\t\t\t<a href='https:\/\/www.framici.de\/?attachment_id=2447#main'><img loading=\"lazy\" decoding=\"async\" width=\"250\" height=\"250\" src=\"https:\/\/www.framici.de\/wp-content\/uploads\/2022\/11\/311173470_2552044621602667_2271728308777019563_n-250x250.jpg\" class=\"attachment-thumbnail size-thumbnail\" alt=\"\" \/><\/a>\n\t\t\t<\/dt><\/dl><br style=\"clear: both\" \/><dl class='gallery-item'>\n\t\t\t<dt class='gallery-icon landscape'>\n\t\t\t\t<a href='https:\/\/www.framici.de\/?attachment_id=2458#main'><img loading=\"lazy\" decoding=\"async\" width=\"250\" height=\"250\" src=\"https:\/\/www.framici.de\/wp-content\/uploads\/2022\/11\/IMG_20210414_141430_459-250x250.jpg\" class=\"attachment-thumbnail size-thumbnail\" alt=\"\" srcset=\"https:\/\/www.framici.de\/wp-content\/uploads\/2022\/11\/IMG_20210414_141430_459-250x250.jpg 250w, https:\/\/www.framici.de\/wp-content\/uploads\/2022\/11\/IMG_20210414_141430_459-500x500.jpg 500w, https:\/\/www.framici.de\/wp-content\/uploads\/2022\/11\/IMG_20210414_141430_459-768x768.jpg 768w, https:\/\/www.framici.de\/wp-content\/uploads\/2022\/11\/IMG_20210414_141430_459.jpg 802w\" sizes=\"auto, (max-width: 250px) 100vw, 250px\" \/><\/a>\n\t\t\t<\/dt><\/dl><dl class='gallery-item'>\n\t\t\t<dt class='gallery-icon landscape'>\n\t\t\t\t<a href='https:\/\/www.framici.de\/?attachment_id=2457#main'><img loading=\"lazy\" decoding=\"async\" width=\"250\" height=\"250\" src=\"https:\/\/www.framici.de\/wp-content\/uploads\/2022\/11\/20190619_164122-250x250.jpg\" class=\"attachment-thumbnail size-thumbnail\" alt=\"\" \/><\/a>\n\t\t\t<\/dt><\/dl>\n\t\t\t<br style='clear: both' \/>\n\t\t<\/div>\n\n<div style=\"width: 856px;\" class=\"wp-video\"><video class=\"wp-video-shortcode\" id=\"video-78-1\" width=\"856\" height=\"480\" preload=\"metadata\" controls=\"controls\"><source type=\"video\/mp4\" src=\"https:\/\/www.framici.de\/wp-content\/uploads\/2022\/11\/YouCut_20220306_205006364.mp4?_=1\" \/><a href=\"https:\/\/www.framici.de\/wp-content\/uploads\/2022\/11\/YouCut_20220306_205006364.mp4\">https:\/\/www.framici.de\/wp-content\/uploads\/2022\/11\/YouCut_20220306_205006364.mp4<\/a><\/video><\/div>\n<div style=\"width: 860px;\" class=\"wp-video\"><video class=\"wp-video-shortcode\" id=\"video-78-2\" width=\"860\" height=\"485\" preload=\"metadata\" controls=\"controls\"><source type=\"video\/mp4\" src=\"https:\/\/www.framici.de\/wp-content\/uploads\/2022\/11\/YouCut_20220305_174255356.mp4?_=2\" \/><a href=\"https:\/\/www.framici.de\/wp-content\/uploads\/2022\/11\/YouCut_20220305_174255356.mp4\">https:\/\/www.framici.de\/wp-content\/uploads\/2022\/11\/YouCut_20220305_174255356.mp4<\/a><\/video><\/div>\n<hr>\n<h1><strong>Sentiero Natura<\/strong><\/h1>\n<p><a href=\"https:\/\/www.pianidibobbio.com\/images\/stories\/pdf\/Erna_Sentiero_Natura_def.pdf\">Sentiero Natura<\/a><\/p>\n<p>der Sentiero Natura ist ein Rundwanderweg auf dem Pizzo d&#8217;Erna in Lecco.<\/p>\n<p>Einfach zu erreichen mit der Seilbahn ab der Talstation oder \u00fcber den Wanderweg zum Pizzo d&#8217;Erna ab der Talstation.<\/p>\n<p>Der Wanderweg ist ca. 7 Km lang kann aber gek\u00fcrzt werden in ein St\u00fcck mit ca. 4 Km L\u00e4nge.<\/p>\n<p>Es sind (20) Lehrtafeln in italienisch auf dem Wanderweg aufgestelt die sehr viele Informationen rund um Flora, Fauna und Geologie beiten.<\/p>\n<p>Ein sch\u00f6ner und eiunfach zu gehender Rundwanderweg mit lohnenden Blicken in die Bergwelt rund um Lecco.<\/p>\n<p>Weitere Informationen: <span style=\"color: #0000ff;\">https:\/\/www.pianidibobbio.com\/it\/home<\/span><\/p>\n<hr>\n<h1><strong>San Pietro al Monte<\/strong><\/h1>\n<p>Wanderung zur renovierten Klosteranlage &#8222;San Pietro al Monte&#8220;<\/p>\n<p>Gehzeit ca. 2 Stunden Ausgangspunkt Via del Pozzo in Civate, H\u00f6henunterschied ca. 370 m. Die Tour l\u00e4sst sich auch mit einer Gipfel\u00fcberschreitung verbinden:<\/p>\n<p>Civate- San Pietro al Monte- Rifugio SEC Marisa Consiglieri (1050 m)- Monte Rai (1259 m)- Civate, Gehzeit hierf\u00fcr ca. 5,5 Stunden, im Sommer sehr hei\u00df!!<\/p>\n<p>Quelle: Rohter Wanderf\u00fchrer, Comer See<\/p>\n<p>Weitere Onlineinfos:&nbsp;<a href=\"https:\/\/www.outdooractive.com\/de\/search\/?q=san+pietro+al+monte\">https:\/\/www.outdooractive.com\/de\/search\/?q=san+pietro+al+monte<\/a><\/p>\n<hr>\n<h1><strong>San Tomaso<\/strong><\/h1>\n<div class=\"col-xs-12\">\n<p>Sie k\u00f6nnen San Tomaso zu Fu\u00df, mit einem kurzen Spaziergang, vom Zentrum von Valmadrera erreichen: Es liegt in einer Panorama-Lage auf 600 Metern H\u00f6he.<\/p>\n<p>Die Position&nbsp;bietet einen sch\u00f6nen Blick auf die Brianza und auf die Berge Grigna und Resegone.<\/p>\n<p>Das Dorf hat eine kleine Kirche mit dem gleichen Name aus dem Mittelalter und eine Gruppe von alten Bauernh\u00e4user.<\/p>\n<p>Da sind das Museum der Arbeit und der Bauer, ein Bauernhof und andere Aktivit\u00e4ten im l\u00e4ndlichen Raum.<\/p>\n<p>Sehr sch\u00f6n ist die Bl\u00fcte der Mandelb\u00e4ume in M\u00e4rz.<\/p>\n<p>San Tomaso ist der Ausgangspunkt f\u00fcr viele Ausfl\u00fcge (z.B.der Weg von Findlingen oder der Weg zum Sasso di Preguda e chiesetta di Sant&#8217;Isidoro), oder zu Orten von arch\u00e4ologischen oder historischen Interesse (Taja Sass oder das Gothische Dorf in Cornello Alto).<\/p>\n<hr>\n<\/div>\n<h1><strong>Monte Moregallo (1276 m), Hausberg Valmadreras<\/strong><\/h1>\n<p>Gehzeit ca. 7,25 Stunden mit Ausgangspunkt Belvedere, einem Ortsteil von Valmadrera.<\/p>\n<p>Unschwieriger Anstieg zum Grat, dann erfordern schmale Pfade in absch\u00fcssigem Gel\u00e4nde Trittsicherheit und Schwindelfreiheit. An steilen, mit Ketten gesicherten Felspassagen unterhalb des Gipfels ist etwas Klettergewandheit erforderlich.<\/p>\n<p>Quelle: Kompass Wanderf\u00fchrerer Comer See<\/p>\n<p>Weiter Onlineinfos zur Tour:&nbsp;<a href=\"https:\/\/www.outdooractive.com\/de\/search\/?q=monte+moregallo\">https:\/\/www.outdooractive.com\/de\/search\/?q=monte+moregallo<\/a><\/p>\n<hr>\n<h1><strong>Monte Barro (922 m)<\/strong><\/h1>\n<p>Ausgangspunkt Galbiate, Gehzeit ca. 3,5 Stunden, H\u00f6henunterschied 550 m.<\/p>\n<p>Aufstieg teils sehr steil, zum Gipfel hin sonnig, kurze Kletterstellen am Grat. Wege bestens markiert.<\/p>\n<p>Einkehrm\u00f6glichkeit Ristorante Eremo Monte Barro (741 m), Dienstag Ruhetag.<\/p>\n<p>Quelle: Rother Wanderf\u00fchrer Comer See.<\/p>\n<p>Weitere Onlineinfos:&nbsp;<a href=\"https:\/\/www.outdooractive.com\/de\/search\/?q=monte+barro\">https:\/\/www.outdooractive.com\/de\/search\/?q=monte+barro<\/a><\/p>\n<hr>\n<p>&nbsp;<\/p>\n<p>&nbsp;<\/p>\n<p>&nbsp;<\/p>\n<p>&nbsp;[:]<\/p>\n","protected":false},"excerpt":{"rendered":"<p>Auf dieser Seite m\u00f6chten wir einen kleinen Einblick \u00fcber Ausflugsm\u00f6glichkeiten in und rund um Valmadrera zeigen. Aktivit\u00e4ten bietet die Region f\u00fcr wandern, bergwandern, klettern, Klettersteig gehen, Hoch- und Mehrtagestouren, segeln oder Motorboot fahren, surfen, kiten, baden und Ger\u00e4tetauchen. Tauchen in Valmadrera Tauchen am Comer See, hier in Valmadrera in &#8222;Moregge \/ Moregallo&#8220;, ist durchaus ein tolles Erlebnis. Egal ob Anf\u00e4nger oder fortgeschrittene Taucher im Tech-Tauch-Bereich kommen dort auf ihre Kosten. <a class=\"more-link\" href=\"https:\/\/www.framici.de\/?page_id=78\">Weiterlesen\u00a0\u2026<\/a><\/p>\n","protected":false},"author":1,"featured_media":0,"parent":0,"menu_order":0,"comment_status":"closed","ping_status":"closed","template":"","meta":{"ngg_post_thumbnail":0,"footnotes":""},"class_list":["post-78","page","type-page","status-publish","hentry"],"_links":{"self":[{"href":"https:\/\/www.framici.de\/index.php?rest_route=\/wp\/v2\/pages\/78","targetHints":{"allow":["GET"]}}],"collection":[{"href":"https:\/\/www.framici.de\/index.php?rest_route=\/wp\/v2\/pages"}],"about":[{"href":"https:\/\/www.framici.de\/index.php?rest_route=\/wp\/v2\/types\/page"}],"author":[{"embeddable":true,"href":"https:\/\/www.framici.de\/index.php?rest_route=\/wp\/v2\/users\/1"}],"replies":[{"embeddable":true,"href":"https:\/\/www.framici.de\/index.php?rest_route=%2Fwp%2Fv2%2Fcomments&post=78"}],"version-history":[{"count":18,"href":"https:\/\/www.framici.de\/index.php?rest_route=\/wp\/v2\/pages\/78\/revisions"}],"predecessor-version":[{"id":9117,"href":"https:\/\/www.framici.de\/index.php?rest_route=\/wp\/v2\/pages\/78\/revisions\/9117"}],"wp:attachment":[{"href":"https:\/\/www.framici.de\/index.php?rest_route=%2Fwp%2Fv2%2Fmedia&parent=78"}],"curies":[{"name":"wp","href":"https:\/\/api.w.org\/{rel}","templated":true}]}}