{"id":504,"date":"2019-02-02T13:52:52","date_gmt":"2019-02-02T13:52:52","guid":{"rendered":"https:\/\/www.framici.de\/?page_id=504"},"modified":"2026-02-26T09:21:53","modified_gmt":"2026-02-26T09:21:53","slug":"der-vorstand","status":"publish","type":"page","link":"https:\/\/www.framici.de\/?page_id=504","title":{"rendered":"Die Vereinsf\u00fchrung"},"content":{"rendered":"<p><img loading=\"lazy\" decoding=\"async\" class=\" wp-image-9355 aligncenter\" src=\"https:\/\/www.framici.de\/wp-content\/uploads\/2026\/02\/Neuer-Vorstand-500x467.jpeg\" alt=\"\" width=\"389\" height=\"363\" srcset=\"https:\/\/www.framici.de\/wp-content\/uploads\/2026\/02\/Neuer-Vorstand-500x467.jpeg 500w, https:\/\/www.framici.de\/wp-content\/uploads\/2026\/02\/Neuer-Vorstand-1024x957.jpeg 1024w, https:\/\/www.framici.de\/wp-content\/uploads\/2026\/02\/Neuer-Vorstand-768x717.jpeg 768w, https:\/\/www.framici.de\/wp-content\/uploads\/2026\/02\/Neuer-Vorstand.jpeg 1489w\" sizes=\"auto, (max-width: 389px) 100vw, 389px\" \/><\/p>\n<p>&nbsp;<\/p>\n<p style=\"text-align: center;\"><span style=\"color: #000000;\"><strong>Die aktuelle Vereinsf\u00fchrung der &#8222;Freunde Valmadreras&#8220; (Stand 25.02.2026)<\/strong><\/span><\/p>\n<p style=\"text-align: center;\"><span style=\"color: #000000;\">von links nach rechts<\/span><\/p>\n<p style=\"text-align: center;\"><span style=\"color: #000000;\">1. Beir\u00e4tin: Tanja Reckert-Weltle<\/span><\/p>\n<p style=\"text-align: center;\"><span style=\"color: #000000;\">Kassenwartin: Nicola Spies<\/span><\/p>\n<p style=\"text-align: center;\"><span style=\"color: #000000;\">2. Vorsitzender: Dr. Matthias Kunze<\/span><\/p>\n<p style=\"text-align: center;\"><span style=\"color: #000000;\">1. Vorsitzende: Ursula Schramm<\/span><\/p>\n<p style=\"text-align: center;\"><span style=\"color: #000000;\">S<\/span><span style=\"color: #000000;\">chriftf\u00fchrerin: Gabriele Kunze<\/span><\/p>\n<p style=\"text-align: center;\"><span style=\"color: #000000;\">2. Beir\u00e4tin: Ute Roth<\/span><\/p>\n<p style=\"text-align: center;\"><span style=\"color: #000000;\">Kassenpr\u00fcfer: Udo Schramm und Umberto Cozzi (nicht auf dem Foto)<\/span><\/p>\n<p>&nbsp;<\/p>\n","protected":false},"excerpt":{"rendered":"<p>&nbsp; Die aktuelle Vereinsf\u00fchrung der &#8222;Freunde Valmadreras&#8220; (Stand 25.02.2026) von links nach rechts 1. Beir\u00e4tin: Tanja Reckert-Weltle Kassenwartin: Nicola Spies 2. Vorsitzender: Dr. Matthias Kunze 1. Vorsitzende: Ursula Schramm Schriftf\u00fchrerin: Gabriele Kunze 2. Beir\u00e4tin: Ute Roth Kassenpr\u00fcfer: Udo Schramm und Umberto Cozzi (nicht auf dem Foto) &nbsp;<\/p>\n","protected":false},"author":1,"featured_media":0,"parent":8,"menu_order":0,"comment_status":"closed","ping_status":"closed","template":"","meta":{"ngg_post_thumbnail":0,"footnotes":""},"class_list":["post-504","page","type-page","status-publish","hentry"],"_links":{"self":[{"href":"https:\/\/www.framici.de\/index.php?rest_route=\/wp\/v2\/pages\/504","targetHints":{"allow":["GET"]}}],"collection":[{"href":"https:\/\/www.framici.de\/index.php?rest_route=\/wp\/v2\/pages"}],"about":[{"href":"https:\/\/www.framici.de\/index.php?rest_route=\/wp\/v2\/types\/page"}],"author":[{"embeddable":true,"href":"https:\/\/www.framici.de\/index.php?rest_route=\/wp\/v2\/users\/1"}],"replies":[{"embeddable":true,"href":"https:\/\/www.framici.de\/index.php?rest_route=%2Fwp%2Fv2%2Fcomments&post=504"}],"version-history":[{"count":35,"href":"https:\/\/www.framici.de\/index.php?rest_route=\/wp\/v2\/pages\/504\/revisions"}],"predecessor-version":[{"id":9360,"href":"https:\/\/www.framici.de\/index.php?rest_route=\/wp\/v2\/pages\/504\/revisions\/9360"}],"up":[{"embeddable":true,"href":"https:\/\/www.framici.de\/index.php?rest_route=\/wp\/v2\/pages\/8"}],"wp:attachment":[{"href":"https:\/\/www.framici.de\/index.php?rest_route=%2Fwp%2Fv2%2Fmedia&parent=504"}],"curies":[{"name":"wp","href":"https:\/\/api.w.org\/{rel}","templated":true}]}}