{"id":1219,"date":"2019-09-23T17:44:26","date_gmt":"2019-09-23T17:44:26","guid":{"rendered":"https:\/\/www.framici.de\/?page_id=1219"},"modified":"2025-03-01T17:35:11","modified_gmt":"2025-03-01T17:35:11","slug":"archiv-2","status":"publish","type":"page","link":"https:\/\/www.framici.de\/?page_id=1219","title":{"rendered":"Archiv"},"content":{"rendered":"<hr>\n<h2><strong>Texte und weitere Informationen<\/strong><\/h2>\n<h3><strong>Wie alles Begann, Zeitungsberichte:<\/strong><\/h3>\n<p>(Chronologisch nach Datum)<\/p>\n<ol>\n<li><a href=\"https:\/\/www.framici.de\/wp-content\/uploads\/2020\/02\/Ausschau_-Italienische-Partnerin-gesucht-Nachrichten-Neu-Ulm-Augsburger-Allgemeine.pdf\">Ausschau_ Italienische Partnerin gesucht &#8211; Nachrichten Neu-Ulm &#8211; Augsburger Allgemeine<\/a><\/li>\n<li><a href=\"https:\/\/www.framici.de\/wp-content\/uploads\/2020\/02\/Es-war-Liebe-auf-den-ersten-Blick-Nachrichten-Neu-Ulm-Augsburger-Allgemeine.pdf\">Es war Liebe auf den ersten Blick &#8211; Nachrichten Neu-Ulm &#8211; Augsburger Allgemeine<\/a><\/li>\n<li><a href=\"https:\/\/www.framici.de\/wp-content\/uploads\/2020\/02\/Wei\u00dfenhorn_-St\u00e4dte-beschnuppern-sich-unterm-Weihnachtsbaum-Nachrichten-Neu-Ulm-Augsburger-Allgemeine.pdf\">Wei\u00dfenhorn_ St\u00e4dte beschnuppern sich unterm Weihnachtsbaum &#8211; Nachrichten Neu-Ulm &#8211; Augsburger Allgemeine<\/a><\/li>\n<li><a href=\"https:\/\/www.framici.de\/wp-content\/uploads\/2020\/02\/Wei\u00dfenhorn_-St\u00e4dtepartnerschaft_-Wei\u00dfenhorn-sagt-\u201eSi\u201c-zu-Valmadrera-Nachrichten-Neu-Ulm-Augsburger-Allgemeine.pdf\">Wei\u00dfenhorn_ St\u00e4dtepartnerschaft_ Wei\u00dfenhorn sagt \u201eSi\u201c zu Valmadrera &#8211; Nachrichten Neu-Ulm &#8211; Augsburger Allgemeine<\/a><\/li>\n<li><a href=\"https:\/\/www.framici.de\/wp-content\/uploads\/2020\/02\/Wei\u00dfenhorn_-Wei\u00dfenhorn-sagt-\u201eSi\u201c-zu-Valmadrera-Nachrichten-Illertissen-Augsburger-Allgemeine.pdf\">Wei\u00dfenhorn_ Wei\u00dfenhorn sagt \u201eSi\u201c zu Valmadrera &#8211; Nachrichten Illertissen &#8211; Augsburger Allgemeine<\/a><\/li>\n<li><a href=\"https:\/\/www.framici.de\/wp-content\/uploads\/2020\/02\/Wei\u00dfenhorn_-Die-St\u00e4dtepartnerschaft-mit-Valmadrera-ist-besiegelt-Nachrichten-Neu-Ulm-Augsburger-Allgemeine.pdf\">Wei\u00dfenhorn_ Die St\u00e4dtepartnerschaft mit Valmadrera&nbsp;ist besiegelt &#8211; Nachrichten Neu-Ulm &#8211; Augsburger Allgemeine<\/a><\/li>\n<li><a href=\"https:\/\/www.framici.de\/wp-content\/uploads\/2020\/02\/Wei\u00dfenhorn_-Rad-Gruppe-der-Firma-Peri-auf-Tour-in-die-neue-Partnerstadt-Nachrichten-Neu-Ulm-Augsburger-Allgemeine.pdf\">Wei\u00dfenhorn_ Rad-Gruppe der Firma Peri auf Tour in die neue Partnerstadt &#8211; Nachrichten Neu-Ulm &#8211; Augsburger Allgemeine<\/a><\/li>\n<li><a href=\"https:\/\/www.framici.de\/wp-content\/uploads\/2020\/02\/Wei\u00dfenhorn_-Italiener-probieren-jetzt-K\u00e4ssp\u00e4tzle-Nachrichten-Neu-Ulm-Augsburger-Allgemeine.pdf\">Wei\u00dfenhorn_ Italiener probieren jetzt K\u00e4ssp\u00e4tzle &#8211; Nachrichten Neu-Ulm &#8211; Augsburger Allgemeine<\/a><\/li>\n<li><a href=\"https:\/\/www.framici.de\/wp-content\/uploads\/2020\/02\/Wei\u00dfenhorn_Valmadrera_-Sch\u00fcler-verbringen-musikalische-Ferien-in-Italien-Nachrichten-Neu-Ulm-Augsburger-Allgemeine.pdf\">Wei\u00dfenhorn_Valmadrera_ Sch\u00fcler&nbsp;verbringen musikalische Ferien in Italien &#8211; Nachrichten Neu-Ulm &#8211; Augsburger Allgemeine<\/a><\/li>\n<li><a href=\"https:\/\/www.framici.de\/wp-content\/uploads\/2020\/02\/Wei\u00dfenhorn_-Ein-Schild-zeigt-die-Freundschaft-mit-Valmadrera-Nachrichten-Neu-Ulm-Augsburger-Allgemeine.pdf\">Wei\u00dfenhorn_ Ein Schild zeigt die Freundschaft mit Valmadrera &#8211; Nachrichten Neu-Ulm &#8211; Augsburger Allgemeine<\/a><\/li>\n<li><a href=\"https:\/\/www.framici.de\/wp-content\/uploads\/2020\/02\/Wei\u00dfenhorn_-Valmadrera-und-Wei\u00dfenhorn_-Freundschaft-geht-durch-den-Magen-Nachrichten-Neu-Ulm-Augsburger-Allgemeine.pdf\">Wei\u00dfenhorn_ Valmadrera und Wei\u00dfenhorn_ Freundschaft geht durch den Magen &#8211; Nachrichten Neu-Ulm &#8211; Augsburger Allgemeine<\/a><\/li>\n<li><a href=\"https:\/\/www.framici.de\/wp-content\/uploads\/2020\/02\/Wei\u00dfenhorn_-Wei\u00dfenhorner-vertiefen-die-Freundschaft-zu-Valmadrera-Nachrichten-Neu-Ulm-Augsburger-Allgemeine.pdf\">Wei\u00dfenhorn_ Wei\u00dfenhorner vertiefen die Freundschaft zu Valmadrera &#8211; Nachrichten Neu-Ulm &#8211; Augsburger Allgemeine<\/a><\/li>\n<li><a href=\"https:\/\/www.framici.de\/wp-content\/uploads\/2020\/02\/Wei\u00dfenhorn_Valmadrera_-Wei\u00dfenhorner-Ehepaar-gibt-Deutsch-Kurse-in-der-Partnerstadt-Nachrichten-Neu-Ulm-Augsburger-Allgemeine.pdf\">Wei\u00dfenhorn_Valmadrera_ Wei\u00dfenhorner Ehepaar gibt Deutsch-Kurse in der Partnerstadt &#8211; Nachrichten Neu-Ulm &#8211; Augsburger Allgemeine<\/a><\/li>\n<li><a href=\"https:\/\/www.framici.de\/wp-content\/uploads\/2023\/02\/20230210_Vorstellung-der-neuen-Vereinsfuehrung_Stadtanzeiger-6-23.pdf\">Vorstellung-der-neuen-Vereinsfuehrung_Stadtanzeiger-6-23<\/a><\/li>\n<li><a href=\"https:\/\/www.framici.de\/wp-content\/uploads\/2023\/02\/20230210_Vorstellung-der-neuen-Vereinsfuehrung_Stadtanzeiger-6-23.pdf\">&nbsp;Vorstellung-der-neuen-Vereinsfuehrung_Stadtanzeiger-6-23.pdf<\/a><\/li>\n<\/ol>\n","protected":false},"excerpt":{"rendered":"<p>Texte und weitere Informationen Wie alles Begann, Zeitungsberichte: (Chronologisch nach Datum) Ausschau_ Italienische Partnerin gesucht &#8211; Nachrichten Neu-Ulm &#8211; Augsburger Allgemeine Es war Liebe auf den ersten Blick &#8211; Nachrichten Neu-Ulm &#8211; Augsburger Allgemeine Wei\u00dfenhorn_ St\u00e4dte beschnuppern sich unterm Weihnachtsbaum &#8211; Nachrichten Neu-Ulm &#8211; Augsburger Allgemeine Wei\u00dfenhorn_ St\u00e4dtepartnerschaft_ Wei\u00dfenhorn sagt \u201eSi\u201c zu Valmadrera &#8211; Nachrichten Neu-Ulm &#8211; Augsburger Allgemeine Wei\u00dfenhorn_ Wei\u00dfenhorn sagt \u201eSi\u201c zu Valmadrera &#8211; Nachrichten Illertissen &#8211; Augsburger <a class=\"more-link\" href=\"https:\/\/www.framici.de\/?page_id=1219\">Weiterlesen\u00a0\u2026<\/a><\/p>\n","protected":false},"author":1,"featured_media":0,"parent":8,"menu_order":0,"comment_status":"closed","ping_status":"closed","template":"","meta":{"ngg_post_thumbnail":0,"footnotes":""},"class_list":["post-1219","page","type-page","status-publish","hentry"],"_links":{"self":[{"href":"https:\/\/www.framici.de\/index.php?rest_route=\/wp\/v2\/pages\/1219","targetHints":{"allow":["GET"]}}],"collection":[{"href":"https:\/\/www.framici.de\/index.php?rest_route=\/wp\/v2\/pages"}],"about":[{"href":"https:\/\/www.framici.de\/index.php?rest_route=\/wp\/v2\/types\/page"}],"author":[{"embeddable":true,"href":"https:\/\/www.framici.de\/index.php?rest_route=\/wp\/v2\/users\/1"}],"replies":[{"embeddable":true,"href":"https:\/\/www.framici.de\/index.php?rest_route=%2Fwp%2Fv2%2Fcomments&post=1219"}],"version-history":[{"count":15,"href":"https:\/\/www.framici.de\/index.php?rest_route=\/wp\/v2\/pages\/1219\/revisions"}],"predecessor-version":[{"id":9146,"href":"https:\/\/www.framici.de\/index.php?rest_route=\/wp\/v2\/pages\/1219\/revisions\/9146"}],"up":[{"embeddable":true,"href":"https:\/\/www.framici.de\/index.php?rest_route=\/wp\/v2\/pages\/8"}],"wp:attachment":[{"href":"https:\/\/www.framici.de\/index.php?rest_route=%2Fwp%2Fv2%2Fmedia&parent=1219"}],"curies":[{"name":"wp","href":"https:\/\/api.w.org\/{rel}","templated":true}]}}